{"id":25,"date":"2014-07-08T11:06:16","date_gmt":"2015-05-29T05:57:40","guid":{"rendered":""},"modified":"2018-02-02T20:33:02","modified_gmt":"2018-02-02T19:33:02","slug":"le-jeu-des-pronos","status":"publish","type":"page","link":"https:\/\/www.fanselanchalon.fr\/v3\/le-jeu-des-pronos","title":{"rendered":"Le Jeu des Pronos"},"content":{"rendered":"<p>[AdSense-A]<\/p>\n<p>&nbsp;<\/p>\n<p><strong>Comp\u00e9titions en cours :<\/strong><\/p>\n<ul>\n<li><a href=\"http:\/\/www.fanselanchalon.fr\/v3\/matchs-retour-2018\">Championnat 2018<\/a> : phase retour (nouveau)<\/li>\n<li><a href=\"http:\/\/www.fanselanchalon.fr\/v3\/basketball-champions-league\">BasketBall Champions League<\/a> 2017-2018<\/li>\n<\/ul>\n<p>&nbsp;<\/p>\n<p>&nbsp;<\/p>\n<hr \/>\n<p><strong>Les R\u00e8gles du Jeu<\/strong><\/p>\n<p>&nbsp;<\/p>\n<p><span style=\"line-height: 1.538em;\">A l&rsquo;occasion de comp\u00e9titions sportives de Basketball, venez jouer avec toute la communaut\u00e9 FansElanChalon ! Championnat de France de ProA, Coupe de France, Leader&rsquo;s Cup, Championnat d&rsquo;Europe ou du Monde, &#8230; sont les terrains de jeu des PRONOS.<\/span><\/p>\n<p>&nbsp;<\/p>\n<p>Le principe du Jeu est simple : pronostiquer le r\u00e9sultat des matchs propos\u00e9s.<\/p>\n<ul>\n<li>Score exact : 5 points<\/li>\n<li>Ecart exact : 3 points<\/li>\n<li>Vainqueur du match trouv\u00e9 : 2 points<\/li>\n<li>Bonus : si vous trouvez le nombre de points marqu\u00e9s par une \u00e9quipe 1 point<\/li>\n<\/ul>\n<p>&nbsp;<\/p>\n<p>A la fin de la comp\u00e9tition, le joueur qui aura marqu\u00e9 le plus de points remportera le jeu. Simple non ?<\/p>\n<p>&nbsp;<\/p>\n<p>La seule contrainte pour pouvoir jouer, c&rsquo;est d&rsquo;\u00eatre inscrit sur le site.<\/p>\n<p>&nbsp;<\/p>\n<p>&nbsp;<\/p>\n<hr \/>\n<p>&nbsp;<\/p>\n<p><strong>Comp\u00e9titions termin\u00e9es 2015\/2016\/2017 :<\/strong><\/p>\n<p>&nbsp;<\/p>\n<ul>\n<li>Championnat 2018 phase aller : Raph71<\/li>\n<li>Coupe de France 2017 : 2001jst1<\/li>\n<li>Championnat 2017 phase retour ; Fan2basket<\/li>\n<li>Championnat 2017 phase aller : Raph71<\/li>\n<li>Fiba Europe Cup 2017 Phase finale : Goof71<\/li>\n<li>Fiba Europe Cup 2017 Groupe A\u00a0: vainqueur 2001jst1<\/li>\n<li>Fiba Europe Cup 2017 Groupe K : vainqueur Fab71<\/li>\n<li>Leaders Cup 2017 : remport\u00e9 par Goof, Mimi &amp; 2001jst1<\/li>\n<li>Championnat 2017 phase aller : gagnant fan2basket<\/li>\n<li>Les Playoffs 2016\u00a0remport\u00e9e par Bebert9<\/li>\n<li>la Coupe de France 2016 ! remport\u00e9e par Houba71<\/li>\n<li>La phase aller du\u00a0Championnat LNB Pro A\u00a02015\/2016 remport\u00e9e par Raph71<a href=\"http:\/\/www.fanselanchalon.fr\/v3\/wp-content\/uploads\/2014\/07\/Logo_ProA.jpg\" data-rel=\"lightbox-image-0\" data-rl_title=\"\" data-rl_caption=\"\" title=\"\"><br \/>\n<\/a>la phase retour du Championnat LNB Pro A 2015-2016\u00a0remport\u00e9e par 20chat10.<\/li>\n<li>Le vainqueur agr\u00e9g\u00e9 Championnat 2015\/2016 phase aller\/retour : Goof71<\/li>\n<li>l&rsquo;EuroBasket Homme 2015\u00a0a \u00e9t\u00e9\u00a0remport\u00e9 par 2001jst1<\/li>\n<\/ul>\n<ul>\n<li>Playoffs 2015, vainqueur 20chat10<\/li>\n<li>Championnat du Monde (H) 2014, co-vainqueurs Houba71 et B\u00e9bert<\/li>\n<li>Championnat de Pro A 2013-2014, vainqueur Raph71<\/li>\n<li>Playoffs 2014, vainqueur Goof71<\/li>\n<li>Coupe de France 2014, vainqueur 20chat10<\/li>\n<\/ul>\n","protected":false},"excerpt":{"rendered":"<p>[AdSense-A] &nbsp; Comp\u00e9titions en cours : Championnat 2018 : phase retour (nouveau) BasketBall Champions League 2017-2018 &nbsp; &nbsp; Les R\u00e8gles du Jeu &nbsp; A l&rsquo;occasion de comp\u00e9titions sportives de Basketball,&hellip; <\/p>\n","protected":false},"author":1,"featured_media":0,"parent":0,"menu_order":0,"comment_status":"open","ping_status":"open","template":"","meta":{"two_page_speed":[],"footnotes":""},"class_list":["post-25","page","type-page","status-publish","hentry"],"featured_image_src":null,"_links":{"self":[{"href":"https:\/\/www.fanselanchalon.fr\/v3\/wp-json\/wp\/v2\/pages\/25","targetHints":{"allow":["GET"]}}],"collection":[{"href":"https:\/\/www.fanselanchalon.fr\/v3\/wp-json\/wp\/v2\/pages"}],"about":[{"href":"https:\/\/www.fanselanchalon.fr\/v3\/wp-json\/wp\/v2\/types\/page"}],"author":[{"embeddable":true,"href":"https:\/\/www.fanselanchalon.fr\/v3\/wp-json\/wp\/v2\/users\/1"}],"replies":[{"embeddable":true,"href":"https:\/\/www.fanselanchalon.fr\/v3\/wp-json\/wp\/v2\/comments?post=25"}],"version-history":[{"count":0,"href":"https:\/\/www.fanselanchalon.fr\/v3\/wp-json\/wp\/v2\/pages\/25\/revisions"}],"wp:attachment":[{"href":"https:\/\/www.fanselanchalon.fr\/v3\/wp-json\/wp\/v2\/media?parent=25"}],"curies":[{"name":"wp","href":"https:\/\/api.w.org\/{rel}","templated":true}]}}